{"id":882,"date":"2021-11-07T18:34:41","date_gmt":"2021-11-07T17:34:41","guid":{"rendered":"https:\/\/ellocan.fr\/?page_id=882"},"modified":"2021-11-09T20:23:21","modified_gmt":"2021-11-09T19:23:21","slug":"charte-de-gestion-des-donnees-personnelles","status":"publish","type":"page","link":"https:\/\/ellocan.fr\/?page_id=882","title":{"rendered":"Donn\u00e9es personnelles"},"content":{"rendered":"\n<p><strong>CHARTE DE GESTION DES DONN\u00c9ES PERSONNELLES<\/strong><\/p>\n\n\n\n<p><strong>D\u00e9claration de protection des donn\u00e9es&nbsp;<\/strong><\/p>\n\n\n\n<p>1 &#8211; Des donn\u00e9es personnelles peuvent \u00eatre r\u00e9colt\u00e9es sur le site internet <a href=\"https:\/\/ellocan.fr\/\">https:\/\/ellocan.fr<\/a>. Ces donn\u00e9es sont enregistr\u00e9es dans un fichier, sur les serveurs &nbsp;d\u2019un partenaire Europ\u00e9en r\u00e9pondant aux exigences de la RGPD et des partenaires internationaux ( Facebook, BING, Google par exemple ) et qui b\u00e9n\u00e9ficient de la protection des donn\u00e9es \u00ab Safe Harbor Privacy Principles \u00bb. Ces donn\u00e9es sont collect\u00e9es afin d\u2019assurer un bon d\u00e9roulement lorsqu\u2019une commande est pass\u00e9e, ainsi que lors de la cr\u00e9ation d\u2019un compte personnel.&nbsp;<\/p>\n\n\n\n<p>2- Les donn\u00e9es collect\u00e9es peuvent \u00eatre : le nom, le pr\u00e9nom, l\u2019adresse postale, le num\u00e9ro de t\u00e9l\u00e9phone, l\u2019adresse e-mail, les commandes pass\u00e9es et les paniers en cours constitu\u00e9s sur le site.&nbsp;<\/p>\n\n\n\n<p>3 &#8211; Ces donn\u00e9es sont stock\u00e9es sur un serveur sous forme crypt\u00e9e. L\u2019acc\u00e8s \u00e0 ces donn\u00e9es est strictement contr\u00f4l\u00e9 et r\u00e9serv\u00e9 aux personnes qui en ont besoin.&nbsp;<\/p>\n\n\n\n<p>4 &#8211; Il est possible d&rsquo;acc\u00e9der \u00e0 ses informations personnelles lorsque l\u2019on se rend sur le compte (Il faut aller sur l\u2019espace \u201cMon Compte\u201d, puis cliquer sur l\u2019onglet \u201cMes donn\u00e9es personnelles\u201d).&nbsp;<\/p>\n\n\n\n<p>5 &#8211; La dur\u00e9e de conservation des donn\u00e9es est ind\u00e9termin\u00e9e \u00e0 des fins d&rsquo;archive et de comptabilit\u00e9 (aux fins d\u2019\u00e9tablissement de la preuve d\u2019un droit ou d\u2019un contrat)<\/p>\n\n\n\n<p>6 &#8211; Pour acc\u00e9der aux services du site, les personnes doivent \u00eatre capables de consentir seules au traitement de leurs informations personnelles. L\u2019acc\u00e8s \u00e0 ces services est donc r\u00e9serv\u00e9 aux personnes majeures.<\/p>\n\n\n\n<p>7 &#8211; Aucune donn\u00e9e bancaire n\u2019est r\u00e9colt\u00e9e ni trait\u00e9e par la soci\u00e9t\u00e9 Ellocan. Ces donn\u00e9es sont directement et exclusivement trait\u00e9es de fa\u00e7on s\u00e9curis\u00e9e par le service de paiement en ligne que l\u2019utilisateur aura choisi lors de l&rsquo;\u00e9tape de paiement (Paypal, Stripe).&nbsp;<\/p>\n\n\n\n<p>8 &#8211; Les destinataires des donn\u00e9es personnelles sont : la soci\u00e9t\u00e9 Ellocan, ainsi que la soci\u00e9t\u00e9 de transport (afin de mener \u00e0 bien la commande et la livraison).<\/p>\n\n\n\n<p>9 &#8211; Si l\u2019utilisateur souscrit au service de la newsletter, certaines donn\u00e9es pertinentes pourront \u00eatre transmises au personnel charg\u00e9 de la diffusion de la newsletter. Ces donn\u00e9es ne seront en aucun cas vendues, transf\u00e9r\u00e9es ou communiqu\u00e9es \u00e0 des tiers.&nbsp;<\/p>\n\n\n\n<p>10 &#8211; Vous b\u00e9n\u00e9ficiez d\u2019un droit d\u2019acc\u00e8s, de rectification, de portabilit\u00e9, d\u2019effacement de vos donn\u00e9es personnelles ou une limitation du traitement.<\/p>\n\n\n\n<p>11 &#8211; Vous pouvez \u00e9galement vous opposer au traitement de vos informations personnelles et disposez du droit de retirer votre consentement \u00e0 tout moment en vous adressant \u00e0 : contact@ellocan.fr.<\/p>\n\n\n\n<p>12 &#8211; Vous avez la possibilit\u00e9 d\u2019introduire une r\u00e9clamation aupr\u00e8s d\u2019une autorit\u00e9 de contr\u00f4le.<\/p>\n\n\n\n<p>13 &#8211; Dans le souci de prot\u00e9ger les donn\u00e9es personnelles, la soci\u00e9t\u00e9 Ellocan incite les utilisateurs \u00e0 choisir un mot de passe s\u00e9curis\u00e9 ainsi qu\u2019\u00e0 adopter les bonnes pratiques.<\/p>\n\n\n\n<p>14 &#8211; La soci\u00e9t\u00e9 Ellocan s\u2019engage \u00e0 pr\u00e9venir les utilisateurs ainsi que la CNIL dans le cas d\u2019un acc\u00e8s non autoris\u00e9 \u00e0 un syst\u00e8me h\u00e9bergeant des donn\u00e9es personnelles, et ce dans les plus brefs d\u00e9lais.&nbsp;<\/p>\n\n\n\n<p>15 &#8211; Pour tout exercice des droits relatifs aux donn\u00e9es personnelles, vous pouvez nous contacter par e-mail \u00e0 l\u2019adresse suivante : contact@ellocan.fr.<\/p>\n\n\n\n<div class=\"wp-block-themeisle-blocks-advanced-columns has-undefined-columns has-desktop-undefined-layout has-tablet-equal-layout has-mobile-equal-layout has-default-gap has-vertical-unset\" id=\"wp-block-themeisle-blocks-advanced-columns-c9bcd477\"><div class=\"wp-block-themeisle-blocks-advanced-columns-overlay\"><\/div><div class=\"innerblocks-wrap\"><\/div><\/div>\n","protected":false},"excerpt":{"rendered":"<p>CHARTE DE GESTION DES DONN\u00c9ES PERSONNELLES D\u00e9claration de protection des donn\u00e9es&nbsp; 1 &#8211; Des donn\u00e9es personnelles peuvent \u00eatre r\u00e9colt\u00e9es sur le site internet https:\/\/ellocan.fr. Ces donn\u00e9es sont enregistr\u00e9es dans un fichier, sur les serveurs &nbsp;d\u2019un partenaire Europ\u00e9en r\u00e9pondant aux exigences de la RGPD et des partenaires internationaux ( Facebook, BING, Google par exemple ) et&hellip;&nbsp;<a href=\"https:\/\/ellocan.fr\/?page_id=882\" rel=\"bookmark\">Lire la suite &raquo;<span class=\"screen-reader-text\">Donn\u00e9es personnelles<\/span><\/a><\/p>\n","protected":false},"author":1,"featured_media":0,"parent":0,"menu_order":0,"comment_status":"closed","ping_status":"closed","template":"","meta":{"neve_meta_sidebar":"full-width","neve_meta_container":"","neve_meta_enable_content_width":"on","neve_meta_content_width":100,"neve_meta_title_alignment":"","neve_meta_author_avatar":"","neve_post_elements_order":"","neve_meta_disable_header":"","neve_meta_disable_footer":"","neve_meta_disable_title":"","_themeisle_gutenberg_block_has_review":false,"footnotes":""},"class_list":["post-882","page","type-page","status-publish","hentry"],"yoast_head":"<!-- This site is optimized with the Yoast SEO plugin v27.3 - https:\/\/yoast.com\/product\/yoast-seo-wordpress\/ -->\n<title>Donn\u00e9es personnelles -<\/title>\n<meta name=\"robots\" content=\"index, follow, max-snippet:-1, max-image-preview:large, max-video-preview:-1\" \/>\n<link rel=\"canonical\" href=\"https:\/\/ellocan.fr\/?page_id=882\" \/>\n<meta property=\"og:locale\" content=\"fr_FR\" \/>\n<meta property=\"og:type\" content=\"article\" \/>\n<meta property=\"og:title\" content=\"Donn\u00e9es personnelles -\" \/>\n<meta property=\"og:description\" content=\"CHARTE DE GESTION DES DONN\u00c9ES PERSONNELLES D\u00e9claration de protection des donn\u00e9es&nbsp; 1 &#8211; Des donn\u00e9es personnelles peuvent \u00eatre r\u00e9colt\u00e9es sur le site internet https:\/\/ellocan.fr. Ces donn\u00e9es sont enregistr\u00e9es dans un fichier, sur les serveurs &nbsp;d\u2019un partenaire Europ\u00e9en r\u00e9pondant aux exigences de la RGPD et des partenaires internationaux ( Facebook, BING, Google par exemple ) et&hellip;&nbsp;Lire la suite &raquo;Donn\u00e9es personnelles\" \/>\n<meta property=\"og:url\" content=\"https:\/\/ellocan.fr\/?page_id=882\" \/>\n<meta property=\"article:modified_time\" content=\"2021-11-09T19:23:21+00:00\" \/>\n<meta name=\"twitter:card\" content=\"summary_large_image\" \/>\n<meta name=\"twitter:label1\" content=\"Dur\u00e9e de lecture estim\u00e9e\" \/>\n\t<meta name=\"twitter:data1\" content=\"3 minutes\" \/>\n<script type=\"application\/ld+json\" class=\"yoast-schema-graph\">{\"@context\":\"https:\\\/\\\/schema.org\",\"@graph\":[{\"@type\":\"WebPage\",\"@id\":\"https:\\\/\\\/ellocan.fr\\\/?page_id=882\",\"url\":\"https:\\\/\\\/ellocan.fr\\\/?page_id=882\",\"name\":\"Donn\u00e9es personnelles -\",\"isPartOf\":{\"@id\":\"https:\\\/\\\/ellocan.fr\\\/#website\"},\"datePublished\":\"2021-11-07T17:34:41+00:00\",\"dateModified\":\"2021-11-09T19:23:21+00:00\",\"breadcrumb\":{\"@id\":\"https:\\\/\\\/ellocan.fr\\\/?page_id=882#breadcrumb\"},\"inLanguage\":\"fr-FR\",\"potentialAction\":[{\"@type\":\"ReadAction\",\"target\":[\"https:\\\/\\\/ellocan.fr\\\/?page_id=882\"]}]},{\"@type\":\"BreadcrumbList\",\"@id\":\"https:\\\/\\\/ellocan.fr\\\/?page_id=882#breadcrumb\",\"itemListElement\":[{\"@type\":\"ListItem\",\"position\":1,\"name\":\"Accueil\",\"item\":\"https:\\\/\\\/ellocan.fr\\\/\"},{\"@type\":\"ListItem\",\"position\":2,\"name\":\"Donn\u00e9es personnelles\"}]},{\"@type\":\"WebSite\",\"@id\":\"https:\\\/\\\/ellocan.fr\\\/#website\",\"url\":\"https:\\\/\\\/ellocan.fr\\\/\",\"name\":\"\",\"description\":\"Recyclez vos canettes !\",\"publisher\":{\"@id\":\"https:\\\/\\\/ellocan.fr\\\/#organization\"},\"potentialAction\":[{\"@type\":\"SearchAction\",\"target\":{\"@type\":\"EntryPoint\",\"urlTemplate\":\"https:\\\/\\\/ellocan.fr\\\/?s={search_term_string}\"},\"query-input\":{\"@type\":\"PropertyValueSpecification\",\"valueRequired\":true,\"valueName\":\"search_term_string\"}}],\"inLanguage\":\"fr-FR\"},{\"@type\":\"Organization\",\"@id\":\"https:\\\/\\\/ellocan.fr\\\/#organization\",\"name\":\"ELLOCAN\",\"url\":\"https:\\\/\\\/ellocan.fr\\\/\",\"logo\":{\"@type\":\"ImageObject\",\"inLanguage\":\"fr-FR\",\"@id\":\"https:\\\/\\\/ellocan.fr\\\/#\\\/schema\\\/logo\\\/image\\\/\",\"url\":\"https:\\\/\\\/ellocan.fr\\\/wp-content\\\/uploads\\\/2021\\\/10\\\/LOGO-ELLOCAN-DEFINITIF-LONG.jpg\",\"contentUrl\":\"https:\\\/\\\/ellocan.fr\\\/wp-content\\\/uploads\\\/2021\\\/10\\\/LOGO-ELLOCAN-DEFINITIF-LONG.jpg\",\"width\":921,\"height\":249,\"caption\":\"ELLOCAN\"},\"image\":{\"@id\":\"https:\\\/\\\/ellocan.fr\\\/#\\\/schema\\\/logo\\\/image\\\/\"},\"sameAs\":[\"https:\\\/\\\/www.instagram.com\\\/ellocan_design\"]}]}<\/script>\n<!-- \/ Yoast SEO plugin. -->","yoast_head_json":{"title":"Donn\u00e9es personnelles -","robots":{"index":"index","follow":"follow","max-snippet":"max-snippet:-1","max-image-preview":"max-image-preview:large","max-video-preview":"max-video-preview:-1"},"canonical":"https:\/\/ellocan.fr\/?page_id=882","og_locale":"fr_FR","og_type":"article","og_title":"Donn\u00e9es personnelles -","og_description":"CHARTE DE GESTION DES DONN\u00c9ES PERSONNELLES D\u00e9claration de protection des donn\u00e9es&nbsp; 1 &#8211; Des donn\u00e9es personnelles peuvent \u00eatre r\u00e9colt\u00e9es sur le site internet https:\/\/ellocan.fr. Ces donn\u00e9es sont enregistr\u00e9es dans un fichier, sur les serveurs &nbsp;d\u2019un partenaire Europ\u00e9en r\u00e9pondant aux exigences de la RGPD et des partenaires internationaux ( Facebook, BING, Google par exemple ) et&hellip;&nbsp;Lire la suite &raquo;Donn\u00e9es personnelles","og_url":"https:\/\/ellocan.fr\/?page_id=882","article_modified_time":"2021-11-09T19:23:21+00:00","twitter_card":"summary_large_image","twitter_misc":{"Dur\u00e9e de lecture estim\u00e9e":"3 minutes"},"schema":{"@context":"https:\/\/schema.org","@graph":[{"@type":"WebPage","@id":"https:\/\/ellocan.fr\/?page_id=882","url":"https:\/\/ellocan.fr\/?page_id=882","name":"Donn\u00e9es personnelles -","isPartOf":{"@id":"https:\/\/ellocan.fr\/#website"},"datePublished":"2021-11-07T17:34:41+00:00","dateModified":"2021-11-09T19:23:21+00:00","breadcrumb":{"@id":"https:\/\/ellocan.fr\/?page_id=882#breadcrumb"},"inLanguage":"fr-FR","potentialAction":[{"@type":"ReadAction","target":["https:\/\/ellocan.fr\/?page_id=882"]}]},{"@type":"BreadcrumbList","@id":"https:\/\/ellocan.fr\/?page_id=882#breadcrumb","itemListElement":[{"@type":"ListItem","position":1,"name":"Accueil","item":"https:\/\/ellocan.fr\/"},{"@type":"ListItem","position":2,"name":"Donn\u00e9es personnelles"}]},{"@type":"WebSite","@id":"https:\/\/ellocan.fr\/#website","url":"https:\/\/ellocan.fr\/","name":"","description":"Recyclez vos canettes !","publisher":{"@id":"https:\/\/ellocan.fr\/#organization"},"potentialAction":[{"@type":"SearchAction","target":{"@type":"EntryPoint","urlTemplate":"https:\/\/ellocan.fr\/?s={search_term_string}"},"query-input":{"@type":"PropertyValueSpecification","valueRequired":true,"valueName":"search_term_string"}}],"inLanguage":"fr-FR"},{"@type":"Organization","@id":"https:\/\/ellocan.fr\/#organization","name":"ELLOCAN","url":"https:\/\/ellocan.fr\/","logo":{"@type":"ImageObject","inLanguage":"fr-FR","@id":"https:\/\/ellocan.fr\/#\/schema\/logo\/image\/","url":"https:\/\/ellocan.fr\/wp-content\/uploads\/2021\/10\/LOGO-ELLOCAN-DEFINITIF-LONG.jpg","contentUrl":"https:\/\/ellocan.fr\/wp-content\/uploads\/2021\/10\/LOGO-ELLOCAN-DEFINITIF-LONG.jpg","width":921,"height":249,"caption":"ELLOCAN"},"image":{"@id":"https:\/\/ellocan.fr\/#\/schema\/logo\/image\/"},"sameAs":["https:\/\/www.instagram.com\/ellocan_design"]}]}},"_links":{"self":[{"href":"https:\/\/ellocan.fr\/index.php?rest_route=\/wp\/v2\/pages\/882","targetHints":{"allow":["GET"]}}],"collection":[{"href":"https:\/\/ellocan.fr\/index.php?rest_route=\/wp\/v2\/pages"}],"about":[{"href":"https:\/\/ellocan.fr\/index.php?rest_route=\/wp\/v2\/types\/page"}],"author":[{"embeddable":true,"href":"https:\/\/ellocan.fr\/index.php?rest_route=\/wp\/v2\/users\/1"}],"replies":[{"embeddable":true,"href":"https:\/\/ellocan.fr\/index.php?rest_route=%2Fwp%2Fv2%2Fcomments&post=882"}],"version-history":[{"count":3,"href":"https:\/\/ellocan.fr\/index.php?rest_route=\/wp\/v2\/pages\/882\/revisions"}],"predecessor-version":[{"id":901,"href":"https:\/\/ellocan.fr\/index.php?rest_route=\/wp\/v2\/pages\/882\/revisions\/901"}],"wp:attachment":[{"href":"https:\/\/ellocan.fr\/index.php?rest_route=%2Fwp%2Fv2%2Fmedia&parent=882"}],"curies":[{"name":"wp","href":"https:\/\/api.w.org\/{rel}","templated":true}]}}